{"id":1049,"date":"2011-06-21T09:49:00","date_gmt":"2011-06-21T08:49:00","guid":{"rendered":"http:\/\/www.ellydewaard.nl\/blog\/?page_id=1049"},"modified":"2020-08-20T14:20:30","modified_gmt":"2020-08-20T13:20:30","slug":"chr-j-van-geel-van-geel-en-het-surrealisme","status":"publish","type":"page","link":"https:\/\/www.ellydewaard.nl\/blog\/?page_id=1049","title":{"rendered":"De ontwikkeling van een dubbeltalent"},"content":{"rendered":"<p><strong>VAN GEEL EN HET SURREALISME<\/strong><\/p>\n<p>1.DE SCHILDER<\/p>\n<p><a href=\"http:\/\/www.ellydewaard.nl\/blog\/wp-content\/uploads\/2011\/06\/img0052.jpg\"><img loading=\"lazy\" decoding=\"async\" title=\"img005\" src=\"http:\/\/www.ellydewaard.nl\/blog\/wp-content\/uploads\/2011\/06\/img0052-150x150.jpg\" alt=\"\" width=\"150\" height=\"150\" \/><\/a><\/p>\n<p>Het dubbeltalent van Chris van Geel werd in de jaren dertig van de  vorige eeuw gevormd door twee sterk van elkaar verschillende invloeden.  Als schilder door het internationale surrealisme en als dichter \u2013 de  po\u00ebzie is de meest koppig nationale van alle kunsten, zoals T.S. Eliot  terecht opmerkte  &#8211; door het Nederlandse Forum. Samen met de schrijver  en fotograaf Emiel van Moerkerken behoorde hij tot de eerste jonge  surrealisten van Nederland. Ook Van Moerkerken was een bewonderaar van  Ter Braak en Du Perron. Ik noem ze speciaal de eerste jonge  surrealistische kunstenaars, omdat, hoewel deze stroming internationaal  zijn hoogtepunt bereikte tussen de jaren 1935 en 1940, er in Nederland  weinig aandacht voor bestond. Er was wel een kleine, oudere generatie  die door die stijl was aangeraakt. Daarvan is J. Moesman verreweg de  bekendste.<br \/>\nNa zijn opleiding aan het Instituut voor Nijverheidsonderwijs in  Amsterdam (1936) werd Chris van Geel lid van De Onafhankelijken, een  groep beeldende kunstenaars die gericht was op het modernisme. Deze  bestaat overigens nog steeds en is ook nog steeds aktief.<br \/>\nTussen 1938 en 1942 nam Van Geel vijfmaal deel aan de  groepstentoonstellingen van deze Onafhankelijken in het Stedelijk Museum  van Amsterdam. Daarbij waren van hem onder meer surrealistische  tekeningen en ex-librisontwerpen te zien, evenals een aantal objecten en  wat wij nu \u2018situaties\u2019 zouden noemen. Van de objecten is maar weinig  bewaard gebleven. Het waren tot een betekenisvol geheel samengevoegde  voorwerpen van allerlei aard, die voorzien werden van even  betekenisvolle, vaak Franse namen. Ze   waren gerelateerd aan de  droomtheorie van Sigmund Freud en waren meestal sexueel te duiden. Dat  we er nu nog een aantal van kunnen bekijken komt doordat Van Moerkerken  er foto\u2019s van maakte. De bekendste ervan is <em>Jeunesse d&#8217;un Narcisse<\/em>.<br \/>\nVan \u00e9\u00e9n ge\u00ebxposeerde \u2018situatie\u2019 kennen we alleen het bestaan, doordat  het zo\u2019n ophef veroorzaakte dat het in de Telegraaf kwam. Het was de  Bonten Voetzool om te Kussen. Het betrof hier inderdaad een bontzool  voor een schoen. Een vriendin van Van Geel, Noortje Dekker, de dochter  van de schrijver Maurits Dekker, zat naast de tentoongestelde zool en  drukte er van tijd tot tijd een kus op. Ik geloof dat het kunstwerk  verwijderd werd.<br \/>\nVan de eveneens ge\u00ebxposeerde tekeningen en schilderijen was lange tijd  niets bekend. Tot bij het uitzoeken van de nalatenschap opeens enkele  mappen met dit werk opdoken. Hoewel veel van het papier was aangetast  door brand en bluswater was er ook nog heel veel dat schoon te maken en  te restaureren viel. Bij de tentoonstelling in Museum Kranenburgh in  Bergen (2009) was dit werk voor het eerst te zien. Het vulde een hele  zaal.<br \/>\n<a href=\"http:\/\/www.ellydewaard.nl\/blog\/wp-content\/uploads\/2011\/06\/047.jpg\"><img loading=\"lazy\" decoding=\"async\" title=\"047\" src=\"http:\/\/www.ellydewaard.nl\/blog\/wp-content\/uploads\/2011\/06\/047-825x1024.jpg\" alt=\"\" width=\"400\" height=\"500\" \/><\/a><br \/>\nOok een aantal surrealistische &#8216;situaties&#8217; waarin Van Geel zelf een  centrale rol speelt, is door Van Moerkerken vastgelegd. Ze hebben als  decor het dak van het huis van grootvader Van Geel aan de Herengracht.  Op de bovendieping had de jonge Chris toen een kamer. De zolder erboven  gaf toegang tot de zolder van het aangrenzende huis waar een chirurg  woonde of had gewoond. Deze lag vol met afgedankte medische instrumenten  en hulpstukken, kunstogen, kunstarmen en benen enzovoorts, een  schatkamer, kortom, voor jonge, aanstormende surrealisten. De  \u2018situaties\u2019 en objecten die hiermee in sc\u00e8ne gezet werden leverden een reeks van  zeer bizondere foto\u2019s op, waarbij Van Geel ook figureerde in enkele surrealistische &#8216;situaties&#8217; van Van Moerkerken zelf. Bij de kunstwerken van zowel de schilder als de fotograaf werden steeds dezelfde op de zolder gevonden rekwisieten gebruikt, zoals onder meer een kapotte traliekooi.<br \/>\nIn 1939 reisde Van Moerkerken met dit werk naar Parijs waar hij het aan Andr\u00e9 Breton liet zien. Breton was zeer ge\u00efnteresseerd en koos er enkele van Van Geel uit (\u2018remarquable\u2019) voor publicatie in het toonaangevende tijdschrift voor moderne,  surrealistische kunst, Le Minotaure.<br \/>\nEchter: het uitbreken van de Tweede Wereldoorlog verijdelde dit plan en  de hele Minotaure verdween onder het gestamp van Duitse soldatenlaarzen.  En niet alleen dit tijdschrift verdween. Je kunt eigenlijk zonder terughoudendheid stellen dat het hele artistieke leven van voor de  oorlog ten onder ging. Inclusief de zo veelbelovend ogende  surrealistische carri\u00e8res van Van Geel en Van Moerkerken.<\/p>\n<p><a href=\"http:\/\/www.ellydewaard.nl\/blog\/wp-content\/uploads\/2011\/06\/030.jpg\"><img loading=\"lazy\" decoding=\"async\" src=\"http:\/\/www.ellydewaard.nl\/blog\/wp-content\/uploads\/2011\/06\/030.jpg\" alt=\"\" title=\"030\" width=\"400\" height=\"500\" class=\"aligncenter size-full wp-image-1192\" \/><\/a><\/p>\n<p><strong>VAN GEEL EN FORUM<\/strong><\/p>\n<p>2.DE DICHTER<\/p>\n<p><a href=\"http:\/\/www.ellydewaard.nl\/blog\/wp-content\/uploads\/2011\/06\/sept-11-0041.jpg\"><img loading=\"lazy\" decoding=\"async\" src=\"http:\/\/www.ellydewaard.nl\/blog\/wp-content\/uploads\/2011\/06\/sept-11-0041-225x300.jpg\" alt=\"\" title=\"sept 11 004\" width=\"225\" height=\"300\" class=\"aligncenter size-medium wp-image-1857\" srcset=\"https:\/\/www.ellydewaard.nl\/blog\/wp-content\/uploads\/2011\/06\/sept-11-0041-225x300.jpg 225w, https:\/\/www.ellydewaard.nl\/blog\/wp-content\/uploads\/2011\/06\/sept-11-0041-768x1024.jpg 768w, https:\/\/www.ellydewaard.nl\/blog\/wp-content\/uploads\/2011\/06\/sept-11-0041.jpg 1200w\" sizes=\"auto, (max-width: 225px) 100vw, 225px\" \/><\/a><\/p>\n<p>Van Geels ontwikkeling als dichter is naar mijn mening als volgt te schetsen. Als intellectueel was hij autodidact. Ik bedoel daarmee dat hij geen middelbare schoolopleiding had genoten. Hij ging na de lagere school naar het Instituut voor Nijverheidsonderwijs in Amsterdam en heeft zich door veel te lezen en de literatuur op de voet te volgen een letterkundige scholing bijgebracht. Hij zal daarbij geholpen zijn door zijn grootvader en mede-opvoeder, C.J. van Geel, die niet alleen journalist was bij het Handelsblad, maar die ook zelf literaire en zelfs po\u00ebtische aspiraties had.<br \/>\nVan Geel was een bewonderaar van de belangrijkste stroming in de letteren van de jaren dertig van de vorige eeuw, die rond het tijdschrift Forum. Hij was zelfs jeugdig bevriend met  Forums voorman E. du Perron, die hij als een soort vader en een raadgever zag. Bij Forum stonden persoonlijkheid en integriteit in de kunst centraal en werd het l\u2019art pour l\u2019art principe, de vormesthetiek kortom, verworpen.<br \/>\nVanuit zijn belangstelling voor en opleiding in de beeldende kunst kreeg Van Geel natuurlijk ook andere kunstopvattingen aangereikt. Die van het internationale surrealisme maakten daarbij op hem de meeste indruk. Hij werd diepgaand en blijvend be\u00efnvloed door deze \u00e9tat d\u2019esprit. Dat het surrealisme van oorsprong een literaire stroming was heeft bij die be\u00efnvloeding wellicht ook een rol gespeeld.<br \/>\nProblematisch voor hem was dat de oprichters van Forum, Ter Braak en Du Perron, niets met het surrealisme op hadden. Du Perron had in zijn Parijse tijd in de jaren twintig wel kennis genomen van alle moderne stromingen die er waren en ook vrienden gemaakt onder diverse schilders en dichters, maar hij had daar in de jaren dertig afstand van genomen, misschien mede door de verslechterende politieke situatie in Europa.<br \/>\nIn de po\u00ebzie was Forum ook \u2018tegen\u2019 bijvoorbeeld een groot dichter als J.H. Leopold, die blijkbaar te esthetisch werd geacht. Leopold was daarentegen, evenals Gorter dat was, een belangrijk voorbeeld voor Van Geel.<br \/>\nStond Forum voor persoonlijkheid en rationaliteit, het surrealisme streefde naar de automatische en dus zo onpersoonlijk mogelijke spontane\u00efteit, naar de vrije associatie en de fantasie. Het irrationele was er kortom juist welkom.<br \/>\nAl voor de Tweede Wereldoorlog is Van Geel bezig geweest deze tweespalt in zijn favoriete richtingen te overbruggen door te willen zoeken naar een kunst die vrij en fatasierijk en associatief was, maar die gemaakt zou moeten worden door een in die kunst herkenbare persoonlijkheid en gekaderd binnen een rationeel te verdedigen geheel.<br \/>\nDe oorlog heeft deze zoektocht onderbroken, net zoals de oorlog een gat sloeg in de ontwikkeling in de kunsten in Nederland in het algemeen. Waarom speciaal hier in Nederland? Ik denk doordat ons land buiten de Eerste Wereldoorlog was gebleven. In vrijwel heel Europa startten na de Eerste Wereldoorlog al modernistische bewegingen in de diverse kunsten. Hier in Nederland was daar voornamelijk zijdelings, dus meest via invloeden uit het buitenland, sprake van. Alleen \u201cDe Stijl\u201d vormt hierop een belangwekkende uitzondering.<br \/>\nIk denk dat je kunt stellen dat de Nederlandse kunsten, met name de schilderkunst en de po\u00ebzie, in dit opzicht achtergebleven waren in hun ontwikkeling in vergelijking met de rest van Europa. Vanuit deze achterstand zou te verklaren kunnen zijn hoe het komt dat de inhaalslag, die na de oorlog plaats vond in de vorm van de opkomst van Cobra en De Vijftigers, hier te lande zo\u2019n verpletterende impact heeft gehad. Een grote rol daarbij heeft natuurlijk ook gespeeld dat de belangrijkste intellectuelen van voor de oorlog, de eerder genoemde Ter Braak en Du Perron, maar bijvoorbeeld ook een dichter als Marsman, al  in 1940 waren overleden. De literatuur zoals die bestond had daarmee haar belangrijkste woordvoerders verloren. Zij lieten een leemte achter, waarin nooit meer goed is voorzien. De kleine generatie dichters die net tegen het einde van de jaren dertig gedebuteerd was, had in dit opzicht onvoldoende stem of bezat ook niet de wil om hier zelfbewust in op te treden. Ik denk daarbij aan Vasalis, Ida Gerhardt,  Louis Lehmann en, de enige uitzondering: Bertus Aafjes. Vasalis heeft daartoe overigens later, in het tijdschrift Libertinage, ook een poging gedaan.<br \/>\nEn ik denk aan Van Geel, die in 1939 en 1940 als redelijk succesvol surrealistisch kunstenaar aan diverse tentoonstellingen deelnam en in de belangstelling stond van Andr\u00e9 Breton, maar die zich als dichter pas voor het eerst presenteerde aan het eind van de oorlog. Overigens met maar een enkel gedicht in het tijdschrift Criterium. In hetzelfde tijdschrift debuteerde, ook in 1945, Leo Vroman.<br \/>\nInteressant bij dit alles is te constateren dat de generaties hier zo door elkaar lopen wat betreft leeftijd. Waren Ida Gerhardt en Vasalis respectievelijk in 1905 en 1909 geboren, Aafjes en Vroman zijn van 1914 en 1915, Van Geel en Louis Lehmann van 1917 en 1920. De Vijftigers Schierbeek en Elburg zagen in 1918 en 1919 het levenslicht. Kouwenaar en Lucebert zijn van 1923 en 1924. Ook Jan Emmens, die hoort bij wat ik nu maar de \u2018klassiek-modernen\u2019 zal noemen, is van 1924. Het is dus beslist niet zo dat er zich met De Vijftigers een nieuwe generatie aandiende. Wel een nieuwe stijl.<br \/>\nMet Ter Braak en Du Perron was overigens niet het hele Forum uitgestorven. Als gezaghebbend essayist was Vestdijk nog over en die heeft zich wel degelijk zinvol uitgelaten over de twee stromingen waarin de po\u00ebzie van na de oorlog is onder te verdelen, de modernen, onder aanvoering van Vijftig en de klassiek-modernen. Dit onder meer in zijn essaybundel Voor en na de Explosie uit 1960. <\/p>\n<p><a href=\"http:\/\/www.ellydewaard.nl\/blog\/wp-content\/uploads\/2011\/06\/sept-11-0061.jpg\"><img loading=\"lazy\" decoding=\"async\" src=\"http:\/\/www.ellydewaard.nl\/blog\/wp-content\/uploads\/2011\/06\/sept-11-0061-150x150.jpg\" alt=\"\" title=\"sept 11 006\" width=\"150\" height=\"150\" class=\"aligncenter size-thumbnail wp-image-1871\" \/><\/a><\/p>\n<p>Zowel bij Cobra als bij Vijftig moet Van Geel gekampt hebben met een soort d\u00e9j\u00e0 vu gevoel. Kunstenaars van maar enkele jaren jonger dan hijzelf deden dingen, waarvan hij waarschijnlijk vond dat hij ze al eens eerder gedaan had. Of waar hij op zijn minst  eerder mee bezig was geweest. Die hij wellicht zelfs zou hebben verworpen omdat ze mogelijk geen blijk gaven van de door hem gewenste ratio.<\/p>\n<p>Ik neem aan dat de oorlog en de daaruit voortvloeiende verliezen, zowel op persoonlijk vlak \u2013 zijn grootvader stierf onder pijnlijke omstandigheden in de hongerwinter \u2013 als op professioneel niveau, ervoor gezorgd hebben dat het tot 1958 heeft moeten duren voordat de dichter Chr.J. van Geel eindelijk, maar w\u00e9l met een heel omvangrijke bundel, naar buiten trad.  Bijna twintig jaar had het hem gekost om de onverwachte wendingen die de geschiedenis had genomen te verwerken en om desondanks vorm te geven aan een po\u00ebzie die aan zijn al zo jong geformuleerde voorwaarden voldeed: wat vorm betreft vrij, wat inhoud betreft fantasierijk en associatief en min of meer gecontroleerd door de rede.<br \/>\nToen Van Geel zich dan eindelijk naar de eisen van zijn eigen maatstaven had gepresenteerd, had hij, voor het eerst sinds vijftien jaar, weer tijd over voor de beeldende kunst. In een soort eruptie van werkdrift, vergelijkbaar met de ademloze periode van 1939 en 1940 waarin hij zich, na de ontdekking van het surrealisme op dit vlak uitleefde, maakte hij honderden tekeningen en schilderijen, meest van vogels in of met hun eieren. Via een solotentoonstelling in het Stedelijk Museum (1961\/62) onder directeur Willem Sandberg beleefde hij vervolgens in deze discipline van kunst ook zijn eigen inhaalslag. De tweespalt uit zijn jeugd was daarmee in principe geheeld.<\/p>\n<p>Wat daarentegen niet geheeld was \u2013 en naar mijn idee nog steeds niet geheeld is &#8211; was het gat dat de oorlog geslagen had in het continu\u00fcm dat een literatuur, dat elke ontwikkeling wil zij verder kunnen, behoort te zijn.<br \/>\nHet klimaat waarin Van Geels eerste bundel Spinroc en andere verzen verscheen was dan ook niet onverdeeld gunstig voor deze, naar mijn idee op dat moment vernieuwende po\u00ebzie. Nog niet eerder had zich immers een nieuwe dichter aangediend die welbewust een synthese aanbood tussen het modernisme en de klassiekere vormen van verskunst.<br \/>\nDe generatie die ik eerder met \u2018klassiek-modernen\u2019 aanduidde was op dat moment al vrijwel onzichtbaar geworden. Ida Gerhardt was een puur klassieke dichter gebleken, Louis Lehmann schreef midden jaren vijftig nog rijmende verzen, Leo Vroman was definitief een buitenlander en daarmee ook buitenstaander geworden. En Vasalis en Aafjes? Die hadden beiden al in het begin van de jaren vijftig hun lier aan de wilgen gehangen. Een heel merkwaardig verhaal dit. Beiden voelden zich kennelijk gedwongen hun eigen po\u00ebzie op te geven nadat zij zich in sterke en heel sterke (Aafjes in Elsevier) bewoordingen hadden uitgelaten over de po\u00ebzie van de Vijftigers. Merkwaardig ook omdat daaruit mag blijken dat de publieke opinie in die dagen al zozeer was gekeerd ten gunste van de vernieuwing dat kritiek daarop als onduldbaar werd beschouwd.<br \/>\nDe revolutie van Vijftig was al heel snel uitgedraaid op een klinkende overwinning voor deze stijl en tegen het begin van de jaren zestig waren de dag- en weekbladen zover dat alle po\u00ebzierecensenten vervangen waren door protagonisten van de modernen. En geheel in Nederlandse traditie, waar de idee\u00ebnstrijd, of het nu de godsdienst of de kunsten betreft, altijd op het scherpst van de snede en met grote vernietigingsdrang wordt gevoerd, was er in deze categorie van de publieke voorlichting weinig waardering meer voor wat zich nog buiten een strikt modernisme aan po\u00ebzie aanbood. In de decennia daarop werden vervolgens ook de universiteiten geleidelijk aan bevolkt met een hooglerarenbestand dat ditzelfde evangelie predikt. In deze situatie bevinden wij ons nog steeds en er is dus werk aan de winkel.<br \/>\nNa meer dan een halve eeuw communis opinio is het tijd om de tweede stroming in de po\u00ebzie, in de literatuur als geheel misschien zelfs, als zodanig te signaleren, te kwalificeren en in kaart te brengen.<br \/>\nOpdat de chaos die er po\u00ebtisch gesproken nu heerst geordend wordt en toekomstige generaties dichters daarmee verder kunnen.<\/p>\n<p><a href=\"http:\/\/www.ellydewaard.nl\/blog\/wp-content\/uploads\/2011\/06\/1001.jpg\"><img loading=\"lazy\" decoding=\"async\" title=\"100\" src=\"http:\/\/www.ellydewaard.nl\/blog\/wp-content\/uploads\/2011\/06\/1001-1024x718.jpg\" alt=\"\" width=\"512\" height=\"358\" \/><\/a><\/p>\n","protected":false},"excerpt":{"rendered":"<p><strong>VAN GEEL EN HET SURREALISME<\/strong><\/p>\n","protected":false},"author":2,"featured_media":0,"parent":0,"menu_order":3,"comment_status":"closed","ping_status":"closed","template":"onecolumn-page_vangeel.php","meta":{"footnotes":""},"class_list":["post-1049","page","type-page","status-publish","hentry"],"_links":{"self":[{"href":"https:\/\/www.ellydewaard.nl\/blog\/index.php?rest_route=\/wp\/v2\/pages\/1049","targetHints":{"allow":["GET"]}}],"collection":[{"href":"https:\/\/www.ellydewaard.nl\/blog\/index.php?rest_route=\/wp\/v2\/pages"}],"about":[{"href":"https:\/\/www.ellydewaard.nl\/blog\/index.php?rest_route=\/wp\/v2\/types\/page"}],"author":[{"embeddable":true,"href":"https:\/\/www.ellydewaard.nl\/blog\/index.php?rest_route=\/wp\/v2\/users\/2"}],"replies":[{"embeddable":true,"href":"https:\/\/www.ellydewaard.nl\/blog\/index.php?rest_route=%2Fwp%2Fv2%2Fcomments&post=1049"}],"version-history":[{"count":78,"href":"https:\/\/www.ellydewaard.nl\/blog\/index.php?rest_route=\/wp\/v2\/pages\/1049\/revisions"}],"predecessor-version":[{"id":28362,"href":"https:\/\/www.ellydewaard.nl\/blog\/index.php?rest_route=\/wp\/v2\/pages\/1049\/revisions\/28362"}],"wp:attachment":[{"href":"https:\/\/www.ellydewaard.nl\/blog\/index.php?rest_route=%2Fwp%2Fv2%2Fmedia&parent=1049"}],"curies":[{"name":"wp","href":"https:\/\/api.w.org\/{rel}","templated":true}]}}