{"id":22545,"date":"2013-02-25T11:53:47","date_gmt":"2013-02-25T10:53:47","guid":{"rendered":"http:\/\/www.ellydewaard.nl\/blog\/?page_id=22545"},"modified":"2020-08-20T14:23:22","modified_gmt":"2020-08-20T13:23:22","slug":"rock-popmuziek-poetry-of-rock","status":"publish","type":"page","link":"https:\/\/www.ellydewaard.nl\/blog\/?page_id=22545","title":{"rendered":"Poetry Of Rock"},"content":{"rendered":"<p><strong>&#8216;POETRY OF ROCK&#8217;: DE POEZIE VAN DE EENVOUD<\/strong><br \/>\n(<em>Vrij Nederland, 1968)<\/em><\/p>\n<p>&#8216;Van alle bezwaren die in de beginjaren tegen de Rock werden aangevoerd, trof het verwijt dat popsongteksten zo primitief waren me als het minst terecht. Natuurlijk waren ze dat; dat was hun grootste deugd.&#8217; schrijft de Amerikaanse popkritikus Richard Goldstein in zijn voorwoord bij The Poetry of Rock, een door hem samengestelde bundel popteksten.<br \/>\nHet is een van de vele juiste uitspraken die hij doet in zijn overigens al te kort gehouden inleidende en toelichtende proza. Inderdaad is de pop, juist door zijn banale, primitieve en aculturele karakter (tenslotte ziet alles dat nieuw is en nog niet ingelijfd in het offici\u00eble cultuuraanbod er acultureel uit) dat het vooral ten tijde van de Rock and Roll had, niet bijgezet op het kerkhof van fraaie graven en monumenten dat de offici\u00eble cultuur nu eenmaal is. Was dat wel gebeurd dan had de pop nooit zo&#8217;n grote vlucht kunnen nemen en zich zo kunnen ontwikkelen.<\/p>\n<p><a href=\"https:\/\/www.ellydewaard.nl\/blog\/wp-content\/uploads\/2013\/01\/ThePoetryOfRockfrontcopy.jpg\"><img loading=\"lazy\" decoding=\"async\" class=\"aligncenter size-full wp-image-22506\" alt=\"ThePoetryOfRockfrontcopy\" src=\"https:\/\/www.ellydewaard.nl\/blog\/wp-content\/uploads\/2013\/01\/ThePoetryOfRockfrontcopy.jpg\" width=\"1024\" height=\"846\" srcset=\"https:\/\/www.ellydewaard.nl\/blog\/wp-content\/uploads\/2013\/01\/ThePoetryOfRockfrontcopy.jpg 1024w, https:\/\/www.ellydewaard.nl\/blog\/wp-content\/uploads\/2013\/01\/ThePoetryOfRockfrontcopy-300x247.jpg 300w\" sizes=\"auto, (max-width: 1024px) 100vw, 1024px\" \/><\/a><\/p>\n<p><strong>PO\u00cbZIE EN GEEN PO\u00cbZIE<\/strong><br \/>\nDit neemt niet weg dat geschreven po\u00ebzie aan bepaalde voorwaarden, zoals klank en ritme, moet voldoen die ook gelden voor de muziek. Een songtekst is op zijn beurt door de muziek aan duidelijke beperkingen gebonden, zodat een zeker taalgevoel nodig is voor het schrijven ervan. Het spreekt dus vanzelf dat veel teksten van popsongs ook gedrukt kwaliteiten bezitten die ze de moeite van het bundelen waard maken. Overigens is het in het algemeen nuttig om een onderscheid te maken tussen teksten die geschreven zijn om voor te lezen (voor te dragen, te zingen), om te horen dus, en teksten die in de eerste plaats bedoeld zijn om te lezen. Bij het lezen is het nu eenmaal mogelijk om te pauzeren, terug te bladeren, te herlezen. Daarom kan de tekst tot een noodzakelijk minimum worden teruggebracht, kan de schrijver het zich permitteren om in zo weinig mogelijk woorden zoveel mogelijk te zeggen. Bij het luisteren gaat dit natuurlijk niet op. Voorleespo\u00ebzie moet in herhalingen vervallen, van refreinen gebruik maken, kortom een behoorlijke overdaad aan tekst hebben om begrijpelijk te zijn. Dit onderscheid geldt zowel voor po\u00ebzie alleen, als voor po\u00ebzie en songtekst onderling. Trouwens, de grens tussen wat nu w\u00e9l po\u00ebzie is en wat niet, is ook niet zo duidelijk vast te stellen. Wat is bij voorbeeld het essenti\u00eble verschil tussen, laten we zeggen Oote Boe van Jan Hanlo, of Schwitters&#8217; Sonate in Uurlauten ( lanke tr grl \/ pe pe pe pe pe \/ ooka ooka ooka ooka \/ lanke tr gl \/ pii pii pii pii pii enz.) en bij voorbeeld Get A Job van The Silhouettes, dat aldus verloopt: Sha da da da \/ Sha da da da \/ Yip yip yip yip \/ Mum mum mum mum \/ Mum mum \/ Get a job enz.?<br \/>\nOf tussen sommig werk van Paul van Ostayen en het intrigerende Who Put the Bomp, dat door Barry Mann en Gerry Goffin werd geschreven:<\/p>\n<p>Who put the bomp<br \/>\nIn the bomp-a bomp-a bomp?<br \/>\nWho put the ram<br \/>\nIn the ram-a-lam a-ding-dong?<br \/>\nWho put the bop<br \/>\nIn the bop sh-bop sh-bop?<br \/>\nWho put the dit<br \/>\nIn the dit, dit, dit, dit-da?<\/p>\n<p>Van Ostayen zelf zou hier vermoedelijk zeer mee ingenomen zijn geweest. Zo schrijft hij althans in zijn Krities Proza I: \u201cZeker, tegenover Rilke die (\u2026) de dichters op slechts driehonderd schat, blijf ik aan die miljoenen dichters geloven. En hiermee bedoel ik niet eens gene, die een romanties romancier, Pierre Loti, &#8216;de stomme dichters&#8217; noemde, de bootslui, de matrozen, alle geringen die leven met een gedicht, geenzijds het woord. Neen. Maar reeds deze tel ik onder de dichters, hij die het liedje vond dat je hier te Antwerpen, op straat van kinderen hoort: Parapluke, parasolleke, ene voor de regen, ene voor de zon \u2013 pardon.\u201d<\/p>\n<p>Het waardeoordeel over po\u00ebzie hangt geheel af van de norm die men aanlegt. Wil men een oordeel vellen dat samenhangt met de mate van ontoegankelijkheid van een gedicht, dan zal men po\u00ebzie die &#8216;moeilijk&#8217; is, verhuld en voorzien van verder liggende betekenissen die zich niet onmiddellijk prijsgeven, &#8216;beter&#8217; vinden en ik ben tot op zekere hoogte bereid het daarmee eens te zijn. Dat neemt niet weg dat men net zo goed de mate van eenvoud, vitaliteit en directheid als norm kan aanleggen. Naar mijn vaste overtuiging is er in het laatste geval geen sprake van iets dat objectief van mindere waarde zou zijn.<\/p>\n<p><a href=\"https:\/\/www.ellydewaard.nl\/blog\/wp-content\/uploads\/2013\/01\/Goldsteins-poetry-of-rock.png\"><img loading=\"lazy\" decoding=\"async\" class=\"&quot;aligncenter\" alt=\"Goldsteins poetry of rock\" src=\"https:\/\/www.ellydewaard.nl\/blog\/wp-content\/uploads\/2013\/01\/Goldsteins-poetry-of-rock.png\" width=\"174\" height=\"290\" \/><\/a><\/p>\n<p><strong>SCHAAMTELOOS SENTIMENTEEL<\/strong><br \/>\nDe teksten die Goldstein verzameld heeft zijn natuurlijk verre van volledig, maar ze vertegenwoordigen wel een representatieve doorsnede \u2013 ook al zijn belangrijke hedendaagse voorbeelden als de Mothers of Invention en Country Joe &amp; The Fish achterwege gebleven.<br \/>\nDe sinds een aantal jaren sterk veranderde houding ten opzichte van de tekst komt duidelijk tot uitdrukking. Toen de Rock &amp; Roll in het midden van de jaren vijftig losbarstte was de tekst nog van geen enkel belang. Hoofdzaak was toen de vitaliteit, de beweging (de teksten gingen ook vaak over auto&#8217;s), de dynamiek, die in de eerste plaats gesuggereerd werd door het alles overheersende, stampende ritme en de gescandeerde, vaak schreeuwende zang. Zulke weinig veelzeggende teksten als Be-Bop A-Lula waren dan ook niet in het minst storend, integendeel, ze benadrukten door hun gebrek aan betekenis nog eens wat het belangrijkste van de song was.<\/p>\n<p>Vreugdevolle ongecompliceerdheid en schaamteloze sentimentaliteit gingen hand in hand. Er zijn wat dit laatste betreft opzienbarende prestaties geleverd. Ik wil me hier beperken tot het noemen van een enkel juweel in zijn soort, namelijk het van de treffende titel <em>Volle Maan en Lege Armen<\/em> (Full Moon and Empty Arms) voorziene lied van The Platters.<br \/>\nWat er sinds Bob Dylan aan teksten geproduceerd wordt is veel bewuster geschreven. Dat wil natuurlijk niet zeggen dat alles wat er nu verschijnt even goed is. Er worden nog steeds veel songs geschreven die een zeer clich\u00e9matige tekst hebben. Alleen wordt het clich\u00e9 nu vaak bewust toegepast, in een Camp-context gezet. Ook nieuw is het verschijnsel van de quasi betekenisvolle tekst. Goldstein geeft een verklaring van dit interessante verschijnsel via de alom geprezen Beatlessong A Day In The Life: &#8216;De rockmuziek versterkt en verheft vaak een betekenisloze liedtekst. Veel tekstschrijvers zien zich geplaatst tegenover het uitputtende probleem van de internationale competitie in songs. Als de tekst ingewikkeld is en de muziek tegelijkertijd verbluffend dan zullen ze elkaar gaan tegenwerken en het resultaat zal een slecht gedicht zijn in een slechte song. Voor veel schrijvers is de oplossing geweest om de tekst veilig ondergeschikt aan de muziek te houden. Door hier, in A Day in The Life, van gevestigde po\u00ebtische concepten gebruik te maken, zorgen de Beatles ervoor dat wij op onze hoede blijven voor &#8216;betekenis&#8217;, zonder de kracht van de muziek te verstoren.&#8217;<\/p>\n<p><strong>SEX<\/strong><br \/>\nNieuw in de pop van nu is ook de onverhulde wijze waarop er over seks wordt gesproken. Seks is weliswaar van het begin af aan een van de belangrijkste onderwerpen van in de popsong geweest (Goldstein vestigt terecht nog eens de aandacht op de relatie tussen dansen en seks. Zeker in de vijftiger jaren gold de regel: &#8216;If you can&#8217;t move, you can&#8217;t love&#8217;), maar in de VS ligt er op het uitspreken ervan een zwaar taboe. V\u00f3\u00f3r de Rock &amp; Roll bestond er in de populaire muziek voor volwassenen een volstrekt idyllische voorstelling van de liefde, op seks lag een totaal embargo. Vooral bij de communicatie-media was en is men zeer puriteins, en omdat het succes van een song nu eenmaal volledig afhankelijk is van deze media, nam men zijn toevlucht tot &#8216;slang&#8217;. Hound Dog, een van de eerste hits van Elvis Presley \u2013 die overigens al zonder dat de betekenissen van zijn teksten waren doorgedrongen een &#8216;seksmaniak&#8217; werd genoemd (\u201cThey all think I&#8217;m a sex maniac, they&#8217;re just frustrated old types anyhow, I&#8217;m just natural\u201d; en denk aan zijn onsterfelijke uitspraak over het huwelijk: \u201cWhy buy a cow, when you can get milk under the fence\u201d) \u2013 is een fraai voorbeeld van een dubbelzinnige tekst. Letterlijk wordt er een hond toegesproken die nog niet eens in staat is om een konijn te vangen, tussen de regels door gaat het over de waardeloze seksuele kwaliteiten van een vriendin.<br \/>\nIn de vijftiger jaren bestond er zelfs een volkomen ondergrondse hit-trilogie, de zogenaamde Annie-records, waarin de seksuele escapades van Annie werden bezongen. Ondanks het feit dat ze niet op de hitparades voorkwamen, of ooit voor de radio gedraaid werden, zijn er miljoenen van deze platen van Hank Ballard and the Midnighters verkocht.<br \/>\nMet de explosie van Engelse groepen sinds de Beatles en hun veel vrijere houding ten opzichte van seks, werd de moraal iets verruimd. Zo kon zich in de V.S. de eigenaardige situatie voordoen dat in een lied als The End van de Doors en in Substitute van de Who de verwijzingen naar incestueus gedrag getolereerd werden, terwijl in hetzelfde Substitute de regel &#8216;I look all white but my dad was black&#8217; geschrapt moest worden!<\/p>\n<p><strong>DRUGS EN PROTEST<\/strong><br \/>\nOp het ogenblik hebben drugs de dubbelzinnige plaats ingenomen die seks in de jaren vijftig had. De inventiviteit om aan de zo mogelijk nog fellere jacht op alles wat met verdovende middelen te maken heeft, te ontkomen is zeer groot. Zo kon de Jefferson Airplane-song White Rabbit, gebaseerd op gegevens uit Alice in Wonderland, maar zeer duidelijk verwijzend naar het gebruik van LSD (het eindigt met de nadrukkelijk herhaalde kreet &#8216;Feed your head&#8217;) toch zeer bekend worden. Ook over drugs wordt door Engelse popsterren vrijer gesproken dan door Amerikaanse. Een lied als Sunny Goodge Street van Donovan, waarin regels voorkomen als &#8217;the violent hash eater shook \/ a chocolate machine \/ involved in an eating scene&#8217; zou in Amerika niet in die onverhulde vorm door een zanger van gelijke bekendheid gemaakt kunnen zijn.<br \/>\nWordt er in de pop van nu gebroken met het seks- en drugs-taboe, er is ook nog de hier al eerder gesignaleerde muziek waarin van sociaal en zelfs politiek commentaar sprake is. Voortvloeiend, zonder twijfel, uit het zich onttrekken aan en het protest tegen de normen van een oudere generatie en daarmee van de gevestigde orde.<br \/>\nDeze kant van de pop komt in Goldsteins boek nauwelijks aan de orde, een tamelijk onvergeeflijke nalatigheid, die mogelijk met de nogal ruimschoots censuur uitoefenende uitgever van Batam Books te maken heeft. Zo zijn bijvoorbeeld uit de drie songs die van Bob Dylan zijn opgenomen in dit boek maar liefst voer coupletten &#8216;op verzoek van de uitgever&#8217; weggelaten.<\/p>\n<p><a href=\"https:\/\/www.ellydewaard.nl\/blog\/wp-content\/uploads\/2013\/01\/moby-grape-st-1969-front-large.jpg\"><img loading=\"lazy\" decoding=\"async\" src=\"https:\/\/www.ellydewaard.nl\/blog\/wp-content\/uploads\/2013\/01\/moby-grape-st-1969-front-large.jpg\" alt=\"moby grape - st 1969 front large\" width=\"400\" height=\"392\" class=\"aligncenter size-full wp-image-22536\" srcset=\"https:\/\/www.ellydewaard.nl\/blog\/wp-content\/uploads\/2013\/01\/moby-grape-st-1969-front-large.jpg 400w, https:\/\/www.ellydewaard.nl\/blog\/wp-content\/uploads\/2013\/01\/moby-grape-st-1969-front-large-300x294.jpg 300w\" sizes=\"auto, (max-width: 400px) 100vw, 400px\" \/><\/a><\/p>\n<p><strong>DIRECT EN PRACHTIG<\/strong><br \/>\nHet meest vebazingwekkende van de beste popteksten die in The Poetry of Rock verzameld zijn, is wel het gedemonstreerde vermogen om zich kernachtig uit te drukken; om in snelle, korte bewoordingen, recht op de man af, te kunnen meedelen waar het om gaat. Dit toont weer eens het verschil met de &#8216;echte&#8217; po\u00ebzie : van een dubbele boden \u2013 waarmee niet de bewuste dubbelzinnigheid of de al te opgelegde allegorische vorm van sommige folksongs wordt bedoeld \u2013 of van een verder liggende betekenis is zelden sprake. Daar is dan ook helemaal geen behoefte aan; het zou, zoals eerder gezegd, juist een handicap zijn, de muziek geeft de tekst al een extra dimensie.<br \/>\nHet beste voorbeeld van een verbijsterend directe tekst is Motorcycle Irene, door gitarist Skip Spence voor Moby Grape geschreven. De voornaamste kenmerken van de song zijn dat hij zeer economisch geschreven is en dat hij voorzien is van een geweldige plastiek en een sterk ritme. In vier coupletten wordt een volledig beeld opgeroepen van leven en dood van de motor rijdende Irene. Op de plaat, dus in zijn geheel samen met de muziek, behoort dit lied tot de meest ontroerende popsongs die er zijn.<\/p>\n<p>There she sits a&#8217;-smokin&#8217;<br \/>\nReefer in het mouth.<br \/>\nHer hair hanging northward<br \/>\nAs she travels south.<br \/>\nDirty, on het Harley<br \/>\n(But her nails are clean).<br \/>\nSuper-powered, de-flowered<br \/>\nOver-eighteen Irene.<\/p>\n<p>I&#8217;ve seen her in the bare<br \/>\nWhere her tattoos and her chains<br \/>\nWrap around her body,<br \/>\nWhere written are the names<br \/>\nOf prisons she&#8217;s been in<br \/>\nAnd lovers she has seen<br \/>\nCurve-winding, bumping, grinding<br \/>\nMotorcycle Irene.<\/p>\n<p>Ground round like hamburger<br \/>\nLaying in a splat.<br \/>\n&#8216;Tis Irene, her sheen I seen<br \/>\nIn pieces crumpled flat.<br \/>\nHet feet were in the bushes,<br \/>\nHer toes were in her hat.<br \/>\nStark-ravin&#8217;, un-shaven<br \/>\nMotorcycle Irene.<\/p>\n<p>The Hunchback and the Cripple,<br \/>\nThe Horseman and the Fool.<br \/>\nPrayerbooks and candles, and<br \/>\nCarpets, cloaks and jewels.<br \/>\nKnowing all the answers,<br \/>\nBreaking all the rules,<br \/>\nWith stark naked, unsacred<br \/>\nMotorcycle Irene.<\/p>\n<p>Niet alle popteksten zijn van deze kwaliteit. Maar ook onder de sentimentelere en veel banalere teksten zijn er talloze die ik buitengewoon vind, zoals bijvoorbeeld To Know Him Is To Love Him van Phil Spector, misschien alleen omdat de melodie zich bij tekst opdringt; misschien meer nog omdat pop nu eenmaal het alledaagse, het clich\u00e9 cultiveert; omdat het de schoonheid laat zien van het vulgaire, van alles wat schreeuwerig, goedkoop, opzichtig, opgedirkt en kakelbont is. Het is in de letterlijkste zin de cultuur van de straat, van protserige auto&#8217;s, surrealistische neontekens en exuberante reclamezuilen, naar mijn mening de meest authentieke culturele bijdrage van Amerika aan de rest van de wereld.<br \/>\n<a href=\"http:\/\/www.ellydewaard.nl\/blog\/wp-content\/uploads\/2013\/02\/Buddy-Holly.jpg\"><img loading=\"lazy\" decoding=\"async\" src=\"http:\/\/www.ellydewaard.nl\/blog\/wp-content\/uploads\/2013\/02\/Buddy-Holly.jpg\" alt=\"Buddy Holly\" width=\"480\" height=\"646\" class=\"aligncenter size-full wp-image-22649\" srcset=\"https:\/\/www.ellydewaard.nl\/blog\/wp-content\/uploads\/2013\/02\/Buddy-Holly.jpg 480w, https:\/\/www.ellydewaard.nl\/blog\/wp-content\/uploads\/2013\/02\/Buddy-Holly-222x300.jpg 222w\" sizes=\"auto, (max-width: 480px) 100vw, 480px\" \/><\/a><\/p>\n<p>ELLY DE WAARD<br \/>\nLaatste illustratie: Guy Peellaert, Buddy Holly, <em>Rock Dreams<\/em><\/p>\n","protected":false},"excerpt":{"rendered":"<p><strong>&#8216;POETRY OF ROCK&#8217;: DE POEZIE VAN DE EENVOUD<\/strong><br \/>\n(<em>Vrij Nederland, 1968)<\/em><\/p>\n","protected":false},"author":2,"featured_media":0,"parent":0,"menu_order":5,"comment_status":"closed","ping_status":"closed","template":"onecolumn-page_rock.php","meta":{"footnotes":""},"class_list":["post-22545","page","type-page","status-publish","hentry"],"_links":{"self":[{"href":"https:\/\/www.ellydewaard.nl\/blog\/index.php?rest_route=\/wp\/v2\/pages\/22545","targetHints":{"allow":["GET"]}}],"collection":[{"href":"https:\/\/www.ellydewaard.nl\/blog\/index.php?rest_route=\/wp\/v2\/pages"}],"about":[{"href":"https:\/\/www.ellydewaard.nl\/blog\/index.php?rest_route=\/wp\/v2\/types\/page"}],"author":[{"embeddable":true,"href":"https:\/\/www.ellydewaard.nl\/blog\/index.php?rest_route=\/wp\/v2\/users\/2"}],"replies":[{"embeddable":true,"href":"https:\/\/www.ellydewaard.nl\/blog\/index.php?rest_route=%2Fwp%2Fv2%2Fcomments&post=22545"}],"version-history":[{"count":13,"href":"https:\/\/www.ellydewaard.nl\/blog\/index.php?rest_route=\/wp\/v2\/pages\/22545\/revisions"}],"predecessor-version":[{"id":27888,"href":"https:\/\/www.ellydewaard.nl\/blog\/index.php?rest_route=\/wp\/v2\/pages\/22545\/revisions\/27888"}],"wp:attachment":[{"href":"https:\/\/www.ellydewaard.nl\/blog\/index.php?rest_route=%2Fwp%2Fv2%2Fmedia&parent=22545"}],"curies":[{"name":"wp","href":"https:\/\/api.w.org\/{rel}","templated":true}]}}